{"id":664,"date":"2020-08-27T09:53:42","date_gmt":"2020-08-27T09:53:42","guid":{"rendered":"http:\/\/lac-inter.at\/wordpress\/?page_id=664"},"modified":"2022-02-17T08:38:46","modified_gmt":"2022-02-17T08:38:46","slug":"platzordnung","status":"publish","type":"page","link":"https:\/\/lac-inter.at\/wordpress\/?page_id=664","title":{"rendered":"Platzordnung"},"content":{"rendered":"\t\t<div data-elementor-type=\"wp-page\" data-elementor-id=\"664\" class=\"elementor elementor-664\">\n\t\t\t\t\t\t<div class=\"elementor-inner\">\n\t\t\t\t<div class=\"elementor-section-wrap\">\n\t\t\t\t\t\t\t\t\t<section class=\"elementor-section elementor-top-section elementor-element elementor-element-7a83706e elementor-section-height-min-height elementor-section-boxed elementor-section-height-default elementor-section-items-middle\" data-id=\"7a83706e\" data-element_type=\"section\">\n\t\t\t\t\t\t<div class=\"elementor-container elementor-column-gap-default\">\n\t\t\t\t\t\t\t<div class=\"elementor-row\">\n\t\t\t\t\t<div class=\"elementor-column elementor-col-100 elementor-top-column elementor-element elementor-element-1c6b857\" data-id=\"1c6b857\" data-element_type=\"column\">\n\t\t\t<div class=\"elementor-column-wrap elementor-element-populated\">\n\t\t\t\t\t\t\t<div class=\"elementor-widget-wrap\">\n\t\t\t\t\t\t<div class=\"elementor-element elementor-element-55f3f07a elementor-widget elementor-widget-heading\" data-id=\"55f3f07a\" data-element_type=\"widget\" data-widget_type=\"heading.default\">\n\t\t\t\t<div class=\"elementor-widget-container\">\n\t\t\t<h2 class=\"elementor-heading-title elementor-size-default\">Platzordnung<\/h2>\t\t<\/div>\n\t\t\t\t<\/div>\n\t\t\t\t\t\t<\/div>\n\t\t\t\t\t<\/div>\n\t\t<\/div>\n\t\t\t\t\t\t\t\t<\/div>\n\t\t\t\t\t<\/div>\n\t\t<\/section>\n\t\t\t\t<section class=\"elementor-section elementor-top-section elementor-element elementor-element-732b95fa elementor-section-boxed elementor-section-height-default elementor-section-height-default\" data-id=\"732b95fa\" data-element_type=\"section\">\n\t\t\t\t\t\t<div class=\"elementor-container elementor-column-gap-default\">\n\t\t\t\t\t\t\t<div class=\"elementor-row\">\n\t\t\t\t\t<div class=\"elementor-column elementor-col-100 elementor-top-column elementor-element elementor-element-501b075d\" data-id=\"501b075d\" data-element_type=\"column\">\n\t\t\t<div class=\"elementor-column-wrap elementor-element-populated\">\n\t\t\t\t\t\t\t<div class=\"elementor-widget-wrap\">\n\t\t\t\t\t\t<div class=\"elementor-element elementor-element-4608cb2b elementor-widget elementor-widget-text-editor\" data-id=\"4608cb2b\" data-element_type=\"widget\" data-widget_type=\"text-editor.default\">\n\t\t\t\t<div class=\"elementor-widget-container\">\n\t\t\t\t\t\t\t\t<div class=\"elementor-text-editor elementor-clearfix\">\n\t\t\t\t<p class=\"p1\"><span class=\"s1\">PLATZORDNUNG<\/span><\/p><p class=\"p2\"><span class=\"s2\">Stand: 1. Dezember 2021<\/span><\/p><ol class=\"ol1\"><li class=\"li3\"><span class=\"s2\">G\u00fcltigkeitsbereich<\/span><ol class=\"ol1\"><li class=\"li4\"><span class=\"s2\">Die gesamte Anlage unter der Adresse Baumgasse 87, A-1030 Wien ist Privatgrund. Alleiniger Verf\u00fcgungsberechtigter ist der gemeinn\u00fctzige Sportverein \u201eLandstrasser Athlethik Club \u2013 International\u201c (kurz: LAC \u2013 Inter), vertreten durch den Vereinsvorstand.<span class=\"Apple-converted-space\">\u00a0 <\/span>Die Benutzung der Anlage sowie einzelner Teile der Anlage unterliegen der gegenst\u00e4ndlichen Platzordnung.<\/span><\/li><li class=\"li4\"><span class=\"s2\">Die Platzordnung wird vom Verf\u00fcgungsberechtigten festgelegt sowie in der jeweils g\u00fcltigen Fassung ver\u00f6ffentlicht und gilt f\u00fcr die gesamte Sportlage unter der Adresse Baumgasse 87, A-1030 Wien.<\/span><\/li><li class=\"li4\"><span class=\"s2\">Die Platzordnung gilt grunds\u00e4tzlich f\u00fcr alle Veranstaltungen sowie f\u00fcr die au\u00dferhalb der Veranstaltungszeiten auf der Fl\u00e4che des Sportvereins durchgef\u00fchrten Aktivit\u00e4ten.<\/span><\/li><li class=\"li4\"><span class=\"s2\">F\u00fcr auf der Sportanlage durchgef\u00fchrte Bewerbe des Wiener Fussballverbandes (WFV) gelten dar\u00fcber hinaus die einschl\u00e4gigen Bestimmungen des WFV in der jeweils g\u00fcltigen Fassung als integrierender Bestandteil dieser Platz- bzw. Hausordnung.<\/span><\/li><li class=\"li2\"><span class=\"s2\">Alle Funktion\u00e4re und Bedienstete von Vereinen und Unternehmen, die auf der Sportanlage t\u00e4tig sind, haben sich mit dieser Platzordnung vertraut zu machen. Die Platz- bzw. Hausordnung ist im Sportst\u00e4ttenbereich f\u00fcr Besucher und Bedienstete sichtbar ausgeh\u00e4ngt.<\/span><\/li><\/ol><\/li><li class=\"li3\"><span class=\"s2\">Allgemeine Verhaltensregeln<\/span><ol class=\"ol1\"><li class=\"li4\"><span class=\"s2\">Grunds\u00e4tzlich m\u00fcssen sich alle Sportler, Funktion\u00e4re, G\u00e4ste und Besucher so verhalten, dass ein gefahrloser und ordnungsgem\u00e4\u00dfer Spiel- und Trainingsbetrieb gew\u00e4hrleistet ist. Alle Platznutzer und G\u00e4ste sind daher verpflichtet, die Geb\u00e4ude und Einrichtungen pfleglich zu behandeln und eigenverantwortlich daf\u00fcr Sorge zu tragen, dass die Sportanlage optisch und technisch in einwandfreiem Zustand bleibt. Besch\u00e4digungen oder Verunreinigungen sind umgehend dem Platzverantwortlichen anzuzeigen.<\/span><\/li><li class=\"li4\"><span class=\"s2\">Das Sportgel\u00e4nde und die Umkleidekabinen d\u00fcrfen ausschlie\u00dflich durch berechtigte Personen w\u00e4hrend des Trainings- und Spielbetriebes und nur in Anwesenheit einer eingewiesenen Aufsichtsperson (Trainer, \u00dcbungsleiter) genutzt werden.\u00a0Die Aufsichtsperson \u00fcbernimmt f\u00fcr die Dauer der Nutzung die Verantwortung daf\u00fcr, dass das Sportgel\u00e4nde und seine Nebenanlagen nur im Rahmen der festgelegten Bestimmungen genutzt werden.<\/span><\/li><li class=\"li4\"><span class=\"s2\">Berechtigungen zur Nutzung des Sportgel\u00e4ndes sind mit dem Verf\u00fcgungsberechtigten schriftlich zu vereinbaren. Die unberechtigte Nutzung der Sportanlagen ist ausdr\u00fccklich untersagt und f\u00fchrt zu zivil- oder strafrechtlichen Konsequenzen.<\/span><\/li><li class=\"li2\"><span class=\"s2\">Im Bereich der Umkleidekabinen sowie im geschlossenen Bereich der Gastronomie herrscht striktes Rauchverbot.<\/span><\/li><\/ol><\/li><li class=\"li3\"><span class=\"s2\">Veranstaltungen<\/span><ol class=\"ol1\"><li class=\"li4\"><span class=\"s2\">Der Eintritt f\u00fcr Besucher und Zuschauer bei Veranstaltungen auf der Sportanlage ist nur gegen Vorweis einer g\u00fcltigen Eintrittskarte gestattet. Nach Durchschreiten des Platzeinganges sind die Eintrittskarten un\u00fcbertragbar und bis zum Verlassen der Sportst\u00e4tte aufzubewahren sowie den Kontrollorganen auf Verlangen jederzeit vorzuweisen.<span class=\"Apple-converted-space\">\u00a0<\/span><\/span><\/li><li class=\"li4\"><span class=\"s2\">Durch den Erwerb der Eintrittskarte unterwirft sich der Besucher der Platzordnung.<span class=\"Apple-converted-space\">\u00a0<\/span><\/span><\/li><li class=\"li4\"><span class=\"s2\">Eintrittskarten berechtigen nur zum Besuch jener Veranstaltungen, f\u00fcr welche sie gel\u00f6st wurden. Nach Verlassen der Sportanlage, auch w\u00e4hrend einer Veranstaltung, verliert die Eintrittskarte ihre G\u00fcltigkeit.<\/span><\/li><li class=\"li4\"><span class=\"s2\">Den Zuschauern ist das Mitnehmen von Gegenst\u00e4nden aller Art, die auf das Spielfeld oder in die Zuschauerr\u00e4nge geworfen oder geschossen werden k\u00f6nnen, oder mit denen die Ruhe, Ordnung und Sicherheit in der Sportst\u00e4tte gest\u00f6rt oder gef\u00e4hrdet werden kann, verboten.<span class=\"Apple-converted-space\">\u00a0<\/span><\/span><\/li><li class=\"li4\"><span class=\"s2\">Bei Veranstaltungen d\u00fcrfen Tiere nur an der Leine in die Sportst\u00e4tte mitgebracht werden. Dar\u00fcber hinaus ist es auch au\u00dferhalb der Veranstaltungen auf der gesamten Anlage verboten, Tiere (Hunde, Katzen und andere) au\u00dferhalb des Kantinenbereichs frei laufen zu lassen.<\/span><\/li><li class=\"li4\"><span class=\"s2\">Diskriminierende, rassistische sowie links- bzw. rechtsextreme Verhaltensweisen sind verboten.<\/span><\/li><li class=\"li4\"><span class=\"s2\">Den Besuchern und G\u00e4sten ist das Betreten des Spielfeldes, der Garderobenr\u00e4ume und aller sonstigen, sich in der Sportst\u00e4tte befindlichen R\u00e4ume oder \u00d6rtlichkeiten, die nicht unmittelbar f\u00fcr Besucher bestimmt sind, verboten.<span class=\"Apple-converted-space\">\u00a0<\/span><\/span><\/li><li class=\"li2\"><span class=\"s2\">Der Zutritt zu den Spielst\u00e4tten bzw. des Spielfeldes, zu den Trainingsst\u00e4tten samt Nebenr\u00e4umen und den Garderoben ist nur den dort besch\u00e4ftigten bzw. hierzu ausdr\u00fccklich befugten Personen erlaubt.<span class=\"Apple-converted-space\">\u00a0<\/span><\/span><\/li><\/ol><\/li><li class=\"li3\"><span class=\"s2\">Haftungen<\/span><ol class=\"ol1\"><li class=\"li4\"><span class=\"s2\">Die Ben\u00fctzung der zentralen Spielst\u00e4tte- und der Trainingsst\u00e4tten sowie allen sonstigen Geb\u00e4ude und Einrichtugen geschieht jedenfalls auf eigene Gefahr. G\u00e4ste, Besucher, Akteure, Sportler und sonstige Ben\u00fctzer der Sportanlagen haben sich stets so zu verhalten, dass weder die Ordnung noch die Sicherheit anderer Personen gef\u00e4hrdet ist.<span class=\"Apple-converted-space\">\u00a0<\/span><\/span><\/li><li class=\"li2\"><span class=\"s2\">Alle Personen, die sich in der Sportst\u00e4tte aufhalten, haben bei Betreten derselben zur Kenntnis genommen, dass der Betreiber der Sportst\u00e4tte bzw. der Veranstalter keine wie immer geartete Haftung f\u00fcr Sch\u00e4den \u00fcbernimmt, die durch bzw. in Zusammenhang mit der Durchf\u00fchrung einer Veranstaltung entstehen, sofern dies im Einklang mit den beh\u00f6rdlichen Auflagen und den gesetzlichen Bestimmungen erfolgt.<\/span><\/li><\/ol><\/li><li class=\"li3\"><span class=\"s2\">Ordnerdienst<\/span><ol class=\"ol1\"><li class=\"li4\"><span class=\"s2\">W\u00e4hrend der Veranstaltungen wird die Einhaltung der Platzordnung durch einen Ordnerdiest \u00fcberwacht, der vom Verf\u00fcgungsberechtigten bestimmt wird.<span class=\"Apple-converted-space\">\u00a0<\/span><\/span><\/li><li class=\"li4\"><span class=\"s2\">Den vom Ordnerdienst getroffenen Anordnungen ist unbedingt Folge zu leisten. Die Ordner sind berechtigt, bei Ruhest\u00f6rungen bzw. bei Zuwiderhandlungen gegen die Platzordnung an der Wiederherstellung der Ordnung auf der Sportst\u00e4tte mitzuwirken.<\/span><\/li><li class=\"li2\"><span class=\"s2\">Personen, die gegen die Platz- bzw. Hausordnung versto\u00dfen, die Ruhe, Ordnung und Sicherheit in der Anlage st\u00f6ren, berechtigten Anordnungen des Ordnerdienstes nicht beachten oder sich sonst derart verhalten, dass der geordnete Ablauf der Veranstaltung be- oder verhindert wird, k\u00f6nnen ohne R\u00fcckerstattung des Eintrittsgeldes gem\u00e4\u00df den Selbsthilferegeln des ABGB geklagt und\/oder von der Anlage verwiesen werden.<\/span><\/li><\/ol><\/li><li class=\"li3\"><span class=\"s2\">Benutzung von Abstellfl\u00e4chen<span class=\"Apple-converted-space\">\u00a0<\/span><\/span><ol class=\"ol1\"><li class=\"li4\"><span class=\"s2\">Das private Parken auf den zur Sportst\u00e4tte geh\u00f6renden Parkpl\u00e4tzen und Parkfl\u00e4chen unter der Adresse Baumgasse 87, A-1030 Wien bzw. in der untersten Ebene des Parkhauses in der Baumgasse 85 ist nur mit ausdr\u00fccklicher Erlaubnis des Verf\u00fcgungsberechtigten gestattet.<span class=\"Apple-converted-space\">\u00a0<\/span><\/span><\/li><li class=\"li4\"><span class=\"s2\">S\u00e4mtliche Verkehrswege sowie Zu- und Ausfahrten sind unbedingt freizuhalten, das Parken von Fahrzeugen und Abstellen von Fahrr\u00e4dern oder sonstigen Transportmitteln ist nur auf den hief\u00fcr vorgesehenen Abstellfl\u00e4chen gestattet.<\/span><\/li><li class=\"li4\"><span class=\"s2\">Widerrechtlich auf dem Gel\u00e4nde abgestellte Fahrzeuge werden angezeigt bzw. abgeschleppt.<\/span><\/li><li class=\"li4\"><span class=\"s2\">Die Vornahme von Wartungs-, und Reparaturarbeiten an Fahrzeugen ist verboten. Die Vornahme von Reinigungsarbeiten an abgestellten Fahrzeuge ist nur mit ausdr\u00fccklicher Genehmigung des des Verf\u00fcgungsberechtigten auf den daf\u00fcr vorgesehenen Fl\u00e4chen erlaubt.<\/span><\/li><li class=\"li2\"><span class=\"s2\">F\u00fcr die auf den Parkpl\u00e4tzen abgestellten Fahrzeuge wird keine wie immer geartete Haftung \u00fcbernommen.<span class=\"Apple-converted-space\">\u00a0<\/span><\/span><\/li><\/ol><\/li><li class=\"li3\"><span class=\"s2\">Gastronomische und Sonstige Einrichtungen<\/span><ol class=\"ol1\"><li class=\"li4\"><span class=\"s2\">Das Mitbringen und Verkaufen von Speisen und Getr\u00e4nken auf dem Gel\u00e4nde des Sportvereins unter der Adresse Baumgasse 87, A-1030 Wien ist ohne schriftliche Erlaubnis des Verf\u00fcgungsberechtigten grunds\u00e4tzlich untersagt.<span class=\"Apple-converted-space\">\u00a0<\/span><\/span><\/li><li class=\"li4\"><span class=\"s2\">Das Ausschenken von Getr\u00e4nken au\u00dferhalb der daf\u00fcr bestimmten Kantinenfl\u00e4chen darf nicht in Flaschen und Gl\u00e4sern vorgenommen werden. Getr\u00e4nke d\u00fcrfen daher nur in Kunststoff- oder Papierbechern verabreicht werden. Das Betreten der Trib\u00fcnen ist jedenfalls nur mit Papierbechern bzw. Kunststoffbechern erlaubt. Gebrauchte Papierbecher, Papierreste und sonstige Abf\u00e4lle sind in die daf\u00fcr bestimmten Abfallbeh\u00e4lter zu entsorgen.<span class=\"Apple-converted-space\">\u00a0<\/span><\/span><\/li><li class=\"li4\"><span class=\"s2\">Die Durchf\u00fchrung von gewerblichen oder sonstigen T\u00e4tigkeiten wie z.B. das Aufstellen von Einbauten, Buden, St\u00e4nden und dergleichen auf dem Gel\u00e4nde der Sportst\u00e4tte bedarf einer ausdr\u00fccklichen Bewilligung des Verf\u00fcgungsberechtigten.<span class=\"Apple-converted-space\">\u00a0<\/span><\/span><\/li><li class=\"li4\"><span class=\"s2\">Fotografieren sowie Film-, Video- und Tonaufnahmen jeglicher Art und die Verwendung von Tonabgabeger\u00e4ten sind nur zum privaten Gebrauch gestattet.<\/span><\/li><li class=\"li2\"><span class=\"s2\">Werbe- oder Propagandama\u00dfnahmen jeder Art sind nur nach Bewilligung des Verf\u00fcgungsberechtigten gestattet. Die Verteilung von Flugzetteln und Zeitungen bzw. der Verkauf von Waren aller Art ist unbeschadet der sonstigen beh\u00f6rdlichen Vorschriften nur nach Bewilligung des Verf\u00fcgungsberechtigten gestattet.<\/span><\/li><\/ol><\/li><li class=\"li3\"><span class=\"s2\">Pr\u00e4ventionskonzept<\/span><ol class=\"ol1\"><li class=\"li5\"><span class=\"s2\">S\u00e4mtliche im Rahmen des jeweils g\u00fcltigen Pr\u00e4ventionskonzeptes geltenden Regeln sind integraler Bestandteil der gegenst\u00e4ndlichen Platzordnung und daher von allen Benutzern der Anlage verbindlich einzuhalten<\/span><\/li><\/ol><\/li><\/ol>\t\t\t\t\t<\/div>\n\t\t\t\t\t\t<\/div>\n\t\t\t\t<\/div>\n\t\t\t\t\t\t<\/div>\n\t\t\t\t\t<\/div>\n\t\t<\/div>\n\t\t\t\t\t\t\t\t<\/div>\n\t\t\t\t\t<\/div>\n\t\t<\/section>\n\t\t\t\t<section class=\"elementor-section elementor-top-section elementor-element elementor-element-29b9edbb elementor-section-boxed elementor-section-height-default elementor-section-height-default\" data-id=\"29b9edbb\" data-element_type=\"section\">\n\t\t\t\t\t\t<div class=\"elementor-container elementor-column-gap-default\">\n\t\t\t\t\t\t\t<div class=\"elementor-row\">\n\t\t\t\t\t<div class=\"elementor-column elementor-col-100 elementor-top-column elementor-element elementor-element-563bde89\" data-id=\"563bde89\" data-element_type=\"column\">\n\t\t\t<div class=\"elementor-column-wrap elementor-element-populated\">\n\t\t\t\t\t\t\t<div class=\"elementor-widget-wrap\">\n\t\t\t\t\t\t<div class=\"elementor-element elementor-element-3e014391 elementor-widget-divider--view-line_icon elementor-view-default elementor-widget-divider--element-align-center elementor-widget elementor-widget-divider\" data-id=\"3e014391\" data-element_type=\"widget\" data-widget_type=\"divider.default\">\n\t\t\t\t<div class=\"elementor-widget-container\">\n\t\t\t\t\t<div class=\"elementor-divider\">\n\t\t\t<span class=\"elementor-divider-separator\">\n\t\t\t\t\t\t\t<div class=\"elementor-icon elementor-divider__element\">\n\t\t\t\t\t<i aria-hidden=\"true\" class=\"fas fa-volleyball-ball\"><\/i><\/div>\n\t\t\t\t\t\t<\/span>\n\t\t<\/div>\n\t\t\t\t<\/div>\n\t\t\t\t<\/div>\n\t\t\t\t\t\t<\/div>\n\t\t\t\t\t<\/div>\n\t\t<\/div>\n\t\t\t\t\t\t\t\t<\/div>\n\t\t\t\t\t<\/div>\n\t\t<\/section>\n\t\t\t\t\t\t\t\t\t<\/div>\n\t\t\t<\/div>\n\t\t\t\t\t<\/div>\n\t\t","protected":false},"excerpt":{"rendered":"<p>Platzordnung PLATZORDNUNG Stand: 1. Dezember 2021 G\u00fcltigkeitsbereich Die gesamte Anlage unter der Adresse Baumgasse 87, A-1030 Wien ist Privatgrund. Alleiniger Verf\u00fcgungsberechtigter ist der gemeinn\u00fctzige Sportverein \u201eLandstrasser Athlethik Club \u2013 International\u201c (kurz: LAC \u2013 Inter), vertreten durch den Vereinsvorstand.\u00a0 Die Benutzung der Anlage sowie einzelner Teile der Anlage unterliegen der gegenst\u00e4ndlichen Platzordnung. Die Platzordnung wird vom &hellip;<\/p>\n<p class=\"read-more\"> <a class=\"\" href=\"https:\/\/lac-inter.at\/wordpress\/?page_id=664\"> <span class=\"screen-reader-text\">Platzordnung<\/span> Weiterlesen &raquo;<\/a><\/p>\n","protected":false},"author":1,"featured_media":0,"parent":0,"menu_order":0,"comment_status":"closed","ping_status":"closed","template":"","meta":{"site-sidebar-layout":"no-sidebar","site-content-layout":"page-builder","ast-site-content-layout":"","site-content-style":"default","site-sidebar-style":"default","ast-global-header-display":"","ast-banner-title-visibility":"","ast-main-header-display":"","ast-hfb-above-header-display":"","ast-hfb-below-header-display":"","ast-hfb-mobile-header-display":"","site-post-title":"disabled","ast-breadcrumbs-content":"","ast-featured-img":"disabled","footer-sml-layout":"","theme-transparent-header-meta":"default","adv-header-id-meta":"","stick-header-meta":"","header-above-stick-meta":"","header-main-stick-meta":"","header-below-stick-meta":"","astra-migrate-meta-layouts":"","ast-page-background-enabled":"default","ast-page-background-meta":{"desktop":{"background-color":"","background-image":"","background-repeat":"repeat","background-position":"center center","background-size":"auto","background-attachment":"scroll","background-type":"","background-media":"","overlay-type":"","overlay-color":"","overlay-gradient":""},"tablet":{"background-color":"","background-image":"","background-repeat":"repeat","background-position":"center center","background-size":"auto","background-attachment":"scroll","background-type":"","background-media":"","overlay-type":"","overlay-color":"","overlay-gradient":""},"mobile":{"background-color":"","background-image":"","background-repeat":"repeat","background-position":"center center","background-size":"auto","background-attachment":"scroll","background-type":"","background-media":"","overlay-type":"","overlay-color":"","overlay-gradient":""}},"ast-content-background-meta":{"desktop":{"background-color":"var(--ast-global-color-5)","background-image":"","background-repeat":"repeat","background-position":"center center","background-size":"auto","background-attachment":"scroll","background-type":"","background-media":"","overlay-type":"","overlay-color":"","overlay-gradient":""},"tablet":{"background-color":"var(--ast-global-color-5)","background-image":"","background-repeat":"repeat","background-position":"center center","background-size":"auto","background-attachment":"scroll","background-type":"","background-media":"","overlay-type":"","overlay-color":"","overlay-gradient":""},"mobile":{"background-color":"var(--ast-global-color-5)","background-image":"","background-repeat":"repeat","background-position":"center center","background-size":"auto","background-attachment":"scroll","background-type":"","background-media":"","overlay-type":"","overlay-color":"","overlay-gradient":""}},"footnotes":""},"class_list":["post-664","page","type-page","status-publish","hentry"],"_links":{"self":[{"href":"https:\/\/lac-inter.at\/wordpress\/index.php?rest_route=\/wp\/v2\/pages\/664"}],"collection":[{"href":"https:\/\/lac-inter.at\/wordpress\/index.php?rest_route=\/wp\/v2\/pages"}],"about":[{"href":"https:\/\/lac-inter.at\/wordpress\/index.php?rest_route=\/wp\/v2\/types\/page"}],"author":[{"embeddable":true,"href":"https:\/\/lac-inter.at\/wordpress\/index.php?rest_route=\/wp\/v2\/users\/1"}],"replies":[{"embeddable":true,"href":"https:\/\/lac-inter.at\/wordpress\/index.php?rest_route=%2Fwp%2Fv2%2Fcomments&post=664"}],"version-history":[{"count":6,"href":"https:\/\/lac-inter.at\/wordpress\/index.php?rest_route=\/wp\/v2\/pages\/664\/revisions"}],"predecessor-version":[{"id":1190,"href":"https:\/\/lac-inter.at\/wordpress\/index.php?rest_route=\/wp\/v2\/pages\/664\/revisions\/1190"}],"wp:attachment":[{"href":"https:\/\/lac-inter.at\/wordpress\/index.php?rest_route=%2Fwp%2Fv2%2Fmedia&parent=664"}],"curies":[{"name":"wp","href":"https:\/\/api.w.org\/{rel}","templated":true}]}}