{"id":423,"date":"2020-06-25T10:10:20","date_gmt":"2020-06-25T10:10:20","guid":{"rendered":"http:\/\/lac-inter.at\/wordpress\/?page_id=423"},"modified":"2025-01-14T14:15:26","modified_gmt":"2025-01-14T14:15:26","slug":"werbemoeglichkeiten","status":"publish","type":"page","link":"https:\/\/lac-inter.at\/wordpress\/?page_id=423","title":{"rendered":"Werbem\u00f6glichkeiten"},"content":{"rendered":"\t\t<div data-elementor-type=\"wp-page\" data-elementor-id=\"423\" class=\"elementor elementor-423\">\n\t\t\t\t\t\t<div class=\"elementor-inner\">\n\t\t\t\t<div class=\"elementor-section-wrap\">\n\t\t\t\t\t\t\t\t\t<section class=\"elementor-section elementor-top-section elementor-element elementor-element-29f2d3b7 elementor-section-height-min-height elementor-section-boxed elementor-section-height-default elementor-section-items-middle\" data-id=\"29f2d3b7\" data-element_type=\"section\">\n\t\t\t\t\t\t<div class=\"elementor-container elementor-column-gap-default\">\n\t\t\t\t\t\t\t<div class=\"elementor-row\">\n\t\t\t\t\t<div class=\"elementor-column elementor-col-100 elementor-top-column elementor-element elementor-element-fc23801\" data-id=\"fc23801\" data-element_type=\"column\">\n\t\t\t<div class=\"elementor-column-wrap elementor-element-populated\">\n\t\t\t\t\t\t\t<div class=\"elementor-widget-wrap\">\n\t\t\t\t\t\t<div class=\"elementor-element elementor-element-1526ac04 elementor-widget elementor-widget-heading\" data-id=\"1526ac04\" data-element_type=\"widget\" data-widget_type=\"heading.default\">\n\t\t\t\t<div class=\"elementor-widget-container\">\n\t\t\t<h2 class=\"elementor-heading-title elementor-size-default\">Unsere Werbem\u00f6glichkeiten<\/h2>\t\t<\/div>\n\t\t\t\t<\/div>\n\t\t\t\t\t\t<\/div>\n\t\t\t\t\t<\/div>\n\t\t<\/div>\n\t\t\t\t\t\t\t\t<\/div>\n\t\t\t\t\t<\/div>\n\t\t<\/section>\n\t\t\t\t<section class=\"elementor-section elementor-top-section elementor-element elementor-element-35b7dbed elementor-section-boxed elementor-section-height-default elementor-section-height-default\" data-id=\"35b7dbed\" data-element_type=\"section\">\n\t\t\t\t\t\t<div class=\"elementor-container elementor-column-gap-default\">\n\t\t\t\t\t\t\t<div class=\"elementor-row\">\n\t\t\t\t\t<div class=\"elementor-column elementor-col-100 elementor-top-column elementor-element elementor-element-1d27e0\" data-id=\"1d27e0\" data-element_type=\"column\">\n\t\t\t<div class=\"elementor-column-wrap elementor-element-populated\">\n\t\t\t\t\t\t\t<div class=\"elementor-widget-wrap\">\n\t\t\t\t\t\t<div class=\"elementor-element elementor-element-450a6c8e elementor-widget elementor-widget-text-editor\" data-id=\"450a6c8e\" data-element_type=\"widget\" data-widget_type=\"text-editor.default\">\n\t\t\t\t<div class=\"elementor-widget-container\">\n\t\t\t\t\t\t\t\t<div class=\"elementor-text-editor elementor-clearfix\">\n\t\t\t\t<h3><span style=\"color: #000000;\">Sie geben uns Ihr Logo &#8211; den Rest erledigen wir!<\/span><\/h3><p><span style=\"text-decoration: underline; color: #ff0000;\"><strong>Bandenwerbung \u2013 Rasenplatz<\/strong><\/span><\/p><p><span style=\"color: #000000;\">Ihr Logo wird auf eine Werbetafel aufgebracht und entlang des Rasenplatzes aufgeh\u00e4ngt &#8211; dar\u00fcber hinaus wird ihr Logo inklusive Link auf ihre Webpage auf unserer Homepage angef\u00fchrt.<\/span><br \/><span style=\"color: #000000;\">Ein Werbebanner f\u00fcr ein Jahr kostet \u20ac 500 + \u20ac 100 f\u00fcr die Herstellung der Tafel ,&#8211; inkl. USt, jeder weitere Werbebanner kostet \u20ac 400,&#8211; inkl. USt.<\/span><\/p><p><span style=\"text-decoration: underline; color: #ff0000;\"><strong>Dressenwerbung<\/strong><\/span><\/p><p><span style=\"color: #000000;\">Ihr Logo wird auf Dressen (f\u00fcr 20 Spieler inkl. 2 x Tormann) in unseren Vereinsfarben aufgebracht &#8211; dar\u00fcber hinaus wird ihr Logo inklusive Link auf ihre Webpage auf unserer Homepage angef\u00fchrt.<\/span><\/p><p><span style=\"color: #000000;\">Nachwuchsmannschaft (bis U18): \u20ac 950,&#8211; inkl. USt<\/span><br \/><span style=\"color: #000000;\">U23 oder Kampfmannschaft: \u20ac 1.300,&#8211; Inkl. USt<\/span><\/p><p><span style=\"text-decoration: underline; color: #ff0000;\"><strong>Werbung auf unserer Homepage<\/strong><\/span><\/p><p><span style=\"color: #000000;\">Nat\u00fcrlich gibt es auch die M\u00f6glichkeit, Ihr Firmenlogo nur auf unserer Homepage zu pr\u00e4sentieren: \u20ac 300,&#8211; inkl. USt<\/span><\/p><p><span style=\"text-decoration: underline; color: #ff0000;\"><strong>All-in-one Paket<\/strong><\/span><\/p><p><span style=\"color: #000000;\">Sollten Sie alle drei Werbem\u00f6glichkeiten kombinieren wollen, g\u00e4be es daf\u00fcr nat\u00fcrlich auch einen Sonderpreis:<\/span><br \/><span style=\"color: #000000;\">1 x Bandenwerbung f\u00fcr 1 Jahr + Dressenwerbung + Pr\u00e4senz auf unserer Homepage:<\/span><\/p><p><span style=\"color: #000000;\">Nachwuchsmannschaften (bis U18): \u20ac 1.350,&#8211; inkl. MWSt<\/span><br \/><span style=\"color: #000000;\">U23 und Kampfmannschaft: \u20ac 1.550,&#8211; inkl. MWSt<\/span><\/p><p><span style=\"text-decoration: underline; color: #ff0000;\"><strong>Kontakt: <\/strong><\/span><br \/><span style=\"color: #000000;\">Mag. Dieter Frenzel &#8211; Tel.: 0699 1097997<\/span><br \/><span style=\"color: #000000;\">Silvia Beigel &#8211; <\/span><span style=\"color: #000000;\">Tel.: 0699 19584602<\/span><\/p>\t\t\t\t\t<\/div>\n\t\t\t\t\t\t<\/div>\n\t\t\t\t<\/div>\n\t\t\t\t\t\t<\/div>\n\t\t\t\t\t<\/div>\n\t\t<\/div>\n\t\t\t\t\t\t\t\t<\/div>\n\t\t\t\t\t<\/div>\n\t\t<\/section>\n\t\t\t\t<section class=\"elementor-section elementor-top-section elementor-element elementor-element-fdaacc4 elementor-section-boxed elementor-section-height-default elementor-section-height-default\" data-id=\"fdaacc4\" data-element_type=\"section\">\n\t\t\t\t\t\t<div class=\"elementor-container elementor-column-gap-default\">\n\t\t\t\t\t\t\t<div class=\"elementor-row\">\n\t\t\t\t\t<div class=\"elementor-column elementor-col-50 elementor-top-column elementor-element elementor-element-7806d8d\" data-id=\"7806d8d\" data-element_type=\"column\">\n\t\t\t<div class=\"elementor-column-wrap elementor-element-populated\">\n\t\t\t\t\t\t\t<div class=\"elementor-widget-wrap\">\n\t\t\t\t\t\t<div class=\"elementor-element elementor-element-26421b4 elementor-widget elementor-widget-image\" data-id=\"26421b4\" data-element_type=\"widget\" data-widget_type=\"image.default\">\n\t\t\t\t<div class=\"elementor-widget-container\">\n\t\t\t\t\t\t\t\t<div class=\"elementor-image\">\n\t\t\t\t\t\t\t\t\t<figure class=\"wp-caption\">\n\t\t\t\t\t\t\t\t\t\t<img loading=\"lazy\" decoding=\"async\" width=\"989\" height=\"1024\" src=\"https:\/\/lac-inter.at\/wordpress\/wp-content\/uploads\/2021\/07\/shop-logo-989x1024.jpg\" class=\"attachment-large size-large wp-image-795\" alt=\"\" srcset=\"https:\/\/lac-inter.at\/wordpress\/wp-content\/uploads\/2021\/07\/shop-logo-989x1024.jpg 989w, https:\/\/lac-inter.at\/wordpress\/wp-content\/uploads\/2021\/07\/shop-logo-290x300.jpg 290w, https:\/\/lac-inter.at\/wordpress\/wp-content\/uploads\/2021\/07\/shop-logo-768x795.jpg 768w, https:\/\/lac-inter.at\/wordpress\/wp-content\/uploads\/2021\/07\/shop-logo-1484x1536.jpg 1484w, https:\/\/lac-inter.at\/wordpress\/wp-content\/uploads\/2021\/07\/shop-logo.jpg 1870w\" sizes=\"(max-width: 989px) 100vw, 989px\" \/>\t\t\t\t\t\t\t\t\t\t\t<figcaption class=\"widget-image-caption wp-caption-text\"><\/figcaption>\n\t\t\t\t\t\t\t\t\t\t<\/figure>\n\t\t\t\t\t\t\t\t<\/div>\n\t\t\t\t\t\t<\/div>\n\t\t\t\t<\/div>\n\t\t\t\t\t\t<\/div>\n\t\t\t\t\t<\/div>\n\t\t<\/div>\n\t\t\t\t<div class=\"elementor-column elementor-col-50 elementor-top-column elementor-element elementor-element-1d5a428\" data-id=\"1d5a428\" data-element_type=\"column\">\n\t\t\t<div class=\"elementor-column-wrap elementor-element-populated\">\n\t\t\t\t\t\t\t<div class=\"elementor-widget-wrap\">\n\t\t\t\t\t\t<div class=\"elementor-element elementor-element-f7753d9 elementor-widget elementor-widget-image\" data-id=\"f7753d9\" data-element_type=\"widget\" data-widget_type=\"image.default\">\n\t\t\t\t<div class=\"elementor-widget-container\">\n\t\t\t\t\t\t\t\t<div class=\"elementor-image\">\n\t\t\t\t\t\t\t\t\t<figure class=\"wp-caption\">\n\t\t\t\t\t\t\t\t\t\t<img loading=\"lazy\" decoding=\"async\" width=\"1024\" height=\"809\" src=\"https:\/\/lac-inter.at\/wordpress\/wp-content\/uploads\/2020\/06\/lacwerbung1-1024x809.jpg\" class=\"attachment-large size-large wp-image-456\" alt=\"\" srcset=\"https:\/\/lac-inter.at\/wordpress\/wp-content\/uploads\/2020\/06\/lacwerbung1-1024x809.jpg 1024w, https:\/\/lac-inter.at\/wordpress\/wp-content\/uploads\/2020\/06\/lacwerbung1-300x237.jpg 300w, https:\/\/lac-inter.at\/wordpress\/wp-content\/uploads\/2020\/06\/lacwerbung1-768x607.jpg 768w, https:\/\/lac-inter.at\/wordpress\/wp-content\/uploads\/2020\/06\/lacwerbung1-1536x1214.jpg 1536w, https:\/\/lac-inter.at\/wordpress\/wp-content\/uploads\/2020\/06\/lacwerbung1.jpg 1725w\" sizes=\"(max-width: 1024px) 100vw, 1024px\" \/>\t\t\t\t\t\t\t\t\t\t\t<figcaption class=\"widget-image-caption wp-caption-text\"><\/figcaption>\n\t\t\t\t\t\t\t\t\t\t<\/figure>\n\t\t\t\t\t\t\t\t<\/div>\n\t\t\t\t\t\t<\/div>\n\t\t\t\t<\/div>\n\t\t\t\t\t\t<\/div>\n\t\t\t\t\t<\/div>\n\t\t<\/div>\n\t\t\t\t\t\t\t\t<\/div>\n\t\t\t\t\t<\/div>\n\t\t<\/section>\n\t\t\t\t<section class=\"elementor-section elementor-top-section elementor-element elementor-element-11f9c1ad elementor-section-boxed elementor-section-height-default elementor-section-height-default\" data-id=\"11f9c1ad\" data-element_type=\"section\">\n\t\t\t\t\t\t<div class=\"elementor-container elementor-column-gap-default\">\n\t\t\t\t\t\t\t<div class=\"elementor-row\">\n\t\t\t\t\t<div class=\"elementor-column elementor-col-100 elementor-top-column elementor-element elementor-element-5adc233f\" data-id=\"5adc233f\" data-element_type=\"column\">\n\t\t\t<div class=\"elementor-column-wrap elementor-element-populated\">\n\t\t\t\t\t\t\t<div class=\"elementor-widget-wrap\">\n\t\t\t\t\t\t<div class=\"elementor-element elementor-element-58b1884d elementor-widget-divider--view-line_icon elementor-view-default elementor-widget-divider--element-align-center elementor-widget elementor-widget-divider\" data-id=\"58b1884d\" data-element_type=\"widget\" data-widget_type=\"divider.default\">\n\t\t\t\t<div class=\"elementor-widget-container\">\n\t\t\t\t\t<div class=\"elementor-divider\">\n\t\t\t<span class=\"elementor-divider-separator\">\n\t\t\t\t\t\t\t<div class=\"elementor-icon elementor-divider__element\">\n\t\t\t\t\t<i aria-hidden=\"true\" class=\"fas fa-volleyball-ball\"><\/i><\/div>\n\t\t\t\t\t\t<\/span>\n\t\t<\/div>\n\t\t\t\t<\/div>\n\t\t\t\t<\/div>\n\t\t\t\t\t\t<\/div>\n\t\t\t\t\t<\/div>\n\t\t<\/div>\n\t\t\t\t\t\t\t\t<\/div>\n\t\t\t\t\t<\/div>\n\t\t<\/section>\n\t\t\t\t\t\t\t\t\t<\/div>\n\t\t\t<\/div>\n\t\t\t\t\t<\/div>\n\t\t","protected":false},"excerpt":{"rendered":"<p>Unsere Werbem\u00f6glichkeiten Sie geben uns Ihr Logo &#8211; den Rest erledigen wir! Bandenwerbung \u2013 Rasenplatz Ihr Logo wird auf eine Werbetafel aufgebracht und entlang des Rasenplatzes aufgeh\u00e4ngt &#8211; dar\u00fcber hinaus wird ihr Logo inklusive Link auf ihre Webpage auf unserer Homepage angef\u00fchrt.Ein Werbebanner f\u00fcr ein Jahr kostet \u20ac 500 + \u20ac 100 f\u00fcr die Herstellung &hellip;<\/p>\n<p class=\"read-more\"> <a class=\"\" href=\"https:\/\/lac-inter.at\/wordpress\/?page_id=423\"> <span class=\"screen-reader-text\">Werbem\u00f6glichkeiten<\/span> Weiterlesen &raquo;<\/a><\/p>\n","protected":false},"author":1,"featured_media":0,"parent":0,"menu_order":0,"comment_status":"closed","ping_status":"closed","template":"","meta":{"site-sidebar-layout":"no-sidebar","site-content-layout":"page-builder","ast-site-content-layout":"","site-content-style":"default","site-sidebar-style":"default","ast-global-header-display":"","ast-banner-title-visibility":"","ast-main-header-display":"","ast-hfb-above-header-display":"","ast-hfb-below-header-display":"","ast-hfb-mobile-header-display":"","site-post-title":"disabled","ast-breadcrumbs-content":"","ast-featured-img":"disabled","footer-sml-layout":"","theme-transparent-header-meta":"default","adv-header-id-meta":"","stick-header-meta":"","header-above-stick-meta":"","header-main-stick-meta":"","header-below-stick-meta":"","astra-migrate-meta-layouts":"","ast-page-background-enabled":"default","ast-page-background-meta":{"desktop":{"background-color":"","background-image":"","background-repeat":"repeat","background-position":"center center","background-size":"auto","background-attachment":"scroll","background-type":"","background-media":"","overlay-type":"","overlay-color":"","overlay-gradient":""},"tablet":{"background-color":"","background-image":"","background-repeat":"repeat","background-position":"center center","background-size":"auto","background-attachment":"scroll","background-type":"","background-media":"","overlay-type":"","overlay-color":"","overlay-gradient":""},"mobile":{"background-color":"","background-image":"","background-repeat":"repeat","background-position":"center center","background-size":"auto","background-attachment":"scroll","background-type":"","background-media":"","overlay-type":"","overlay-color":"","overlay-gradient":""}},"ast-content-background-meta":{"desktop":{"background-color":"var(--ast-global-color-5)","background-image":"","background-repeat":"repeat","background-position":"center center","background-size":"auto","background-attachment":"scroll","background-type":"","background-media":"","overlay-type":"","overlay-color":"","overlay-gradient":""},"tablet":{"background-color":"var(--ast-global-color-5)","background-image":"","background-repeat":"repeat","background-position":"center center","background-size":"auto","background-attachment":"scroll","background-type":"","background-media":"","overlay-type":"","overlay-color":"","overlay-gradient":""},"mobile":{"background-color":"var(--ast-global-color-5)","background-image":"","background-repeat":"repeat","background-position":"center center","background-size":"auto","background-attachment":"scroll","background-type":"","background-media":"","overlay-type":"","overlay-color":"","overlay-gradient":""}},"footnotes":""},"class_list":["post-423","page","type-page","status-publish","hentry"],"_links":{"self":[{"href":"https:\/\/lac-inter.at\/wordpress\/index.php?rest_route=\/wp\/v2\/pages\/423"}],"collection":[{"href":"https:\/\/lac-inter.at\/wordpress\/index.php?rest_route=\/wp\/v2\/pages"}],"about":[{"href":"https:\/\/lac-inter.at\/wordpress\/index.php?rest_route=\/wp\/v2\/types\/page"}],"author":[{"embeddable":true,"href":"https:\/\/lac-inter.at\/wordpress\/index.php?rest_route=\/wp\/v2\/users\/1"}],"replies":[{"embeddable":true,"href":"https:\/\/lac-inter.at\/wordpress\/index.php?rest_route=%2Fwp%2Fv2%2Fcomments&post=423"}],"version-history":[{"count":31,"href":"https:\/\/lac-inter.at\/wordpress\/index.php?rest_route=\/wp\/v2\/pages\/423\/revisions"}],"predecessor-version":[{"id":3191,"href":"https:\/\/lac-inter.at\/wordpress\/index.php?rest_route=\/wp\/v2\/pages\/423\/revisions\/3191"}],"wp:attachment":[{"href":"https:\/\/lac-inter.at\/wordpress\/index.php?rest_route=%2Fwp%2Fv2%2Fmedia&parent=423"}],"curies":[{"name":"wp","href":"https:\/\/api.w.org\/{rel}","templated":true}]}}